{"id":9922,"date":"2020-12-07T12:43:18","date_gmt":"2020-12-07T12:43:18","guid":{"rendered":"https:\/\/samanta.idstudio.ovh\/?page_id=9922"},"modified":"2024-01-30T18:11:10","modified_gmt":"2024-01-30T18:11:10","slug":"exposicoes","status":"publish","type":"page","link":"https:\/\/www.paolobigelli.com\/pt-pt\/exposicoes\/","title":{"rendered":"Exposi\u00e7\u00f5es"},"content":{"rendered":"<div class=\"flex-grid text-xl\" id=\"slider_home\"><div class=\"row mai-slider\" data-adaptiveheight=\"false\" data-arrows=\"false\" data-autoplay=\"true\" data-center=\"false\" data-centermode=\"false\" data-dots=\"true\" data-fade=\"true\" data-infinite=\"true\" data-middle=\"true\" data-slidestoscroll=\"1\" data-slidestoshow=\"1\" data-speed=\"3000\" data-gutter=\"md\"><div class=\"flex-entry entry mai-slide inner inner-dark light-content post-10956 page type-page status-publish has-post-thumbnail boxed aspect-ratio has-bg-image has-overlay light-content\" style=\"--aspect-ratio:3000\/800;\"><div class=\"aspect-outer\"><div class=\"aspect-inner column top-xs center-xs text-xs-left\"><picture class=\"bg-picture\"><img loading=\"lazy\" decoding=\"async\" width=\"1067\" height=\"800\" src=\"https:\/\/www.paolobigelli.com\/wp-content\/uploads\/2020\/12\/esposizione-paolo-bigelli-8-scaled.jpg\" class=\"wp-post-image bg-image\" alt=\"\" srcset=\"https:\/\/www.paolobigelli.com\/wp-content\/uploads\/2020\/12\/esposizione-paolo-bigelli-8-scaled.jpg 2560w, https:\/\/www.paolobigelli.com\/wp-content\/uploads\/2020\/12\/esposizione-paolo-bigelli-8-scaled-600x450.jpg 600w\" sizes=\"(max-width: 1067px) 100vw, 1067px\" \/><\/picture><span class=\"overlay overlay-dark\"><\/span><\/div><\/div><\/div><div class=\"flex-entry entry mai-slide inner inner-dark light-content post-10960 page type-page status-publish has-post-thumbnail boxed aspect-ratio has-bg-image has-overlay light-content\" style=\"--aspect-ratio:3000\/800;\"><div class=\"aspect-outer\"><div class=\"aspect-inner column top-xs center-xs text-xs-left\"><picture class=\"bg-picture\"><img loading=\"lazy\" decoding=\"async\" width=\"1067\" height=\"800\" src=\"https:\/\/www.paolobigelli.com\/wp-content\/uploads\/2020\/12\/esposizione-paolo-bigelli-1-scaled.jpg\" class=\"wp-post-image bg-image\" alt=\"\" srcset=\"https:\/\/www.paolobigelli.com\/wp-content\/uploads\/2020\/12\/esposizione-paolo-bigelli-1-scaled.jpg 2560w, https:\/\/www.paolobigelli.com\/wp-content\/uploads\/2020\/12\/esposizione-paolo-bigelli-1-scaled-600x450.jpg 600w\" sizes=\"(max-width: 1067px) 100vw, 1067px\" \/><\/picture><span class=\"overlay overlay-dark\"><\/span><\/div><\/div><\/div><div class=\"flex-entry entry mai-slide inner inner-dark light-content post-10964 page type-page status-publish has-post-thumbnail boxed aspect-ratio has-bg-image has-overlay light-content\" style=\"--aspect-ratio:3000\/800;\"><div class=\"aspect-outer\"><div class=\"aspect-inner column top-xs center-xs text-xs-left\"><picture class=\"bg-picture\"><img loading=\"lazy\" decoding=\"async\" width=\"1067\" height=\"800\" src=\"https:\/\/www.paolobigelli.com\/wp-content\/uploads\/2020\/12\/esposizione-paolo-bigelli-3-scaled.jpg\" class=\"wp-post-image bg-image\" alt=\"\" srcset=\"https:\/\/www.paolobigelli.com\/wp-content\/uploads\/2020\/12\/esposizione-paolo-bigelli-3-scaled.jpg 2560w, https:\/\/www.paolobigelli.com\/wp-content\/uploads\/2020\/12\/esposizione-paolo-bigelli-3-scaled-600x450.jpg 600w\" sizes=\"(max-width: 1067px) 100vw, 1067px\" \/><\/picture><span class=\"overlay overlay-dark\"><\/span><\/div><\/div><\/div><div class=\"flex-entry entry mai-slide inner inner-dark light-content post-10972 page type-page status-publish has-post-thumbnail boxed aspect-ratio has-bg-image has-overlay light-content\" style=\"--aspect-ratio:3000\/800;\"><div class=\"aspect-outer\"><div class=\"aspect-inner column top-xs center-xs text-xs-left\"><picture class=\"bg-picture\"><img loading=\"lazy\" decoding=\"async\" width=\"1067\" height=\"800\" src=\"https:\/\/www.paolobigelli.com\/wp-content\/uploads\/2020\/12\/esposizione-paolo-bigelli-4-scaled.jpg\" class=\"wp-post-image bg-image\" alt=\"\" srcset=\"https:\/\/www.paolobigelli.com\/wp-content\/uploads\/2020\/12\/esposizione-paolo-bigelli-4-scaled.jpg 2560w, https:\/\/www.paolobigelli.com\/wp-content\/uploads\/2020\/12\/esposizione-paolo-bigelli-4-scaled-600x450.jpg 600w\" sizes=\"(max-width: 1067px) 100vw, 1067px\" \/><\/picture><span class=\"overlay overlay-dark\"><\/span><\/div><\/div><\/div><div class=\"flex-entry entry mai-slide inner inner-dark light-content post-10976 page type-page status-publish has-post-thumbnail boxed aspect-ratio has-bg-image has-overlay light-content\" style=\"--aspect-ratio:3000\/800;\"><div class=\"aspect-outer\"><div class=\"aspect-inner column top-xs center-xs text-xs-left\"><picture class=\"bg-picture\"><img loading=\"lazy\" decoding=\"async\" width=\"1067\" height=\"800\" src=\"https:\/\/www.paolobigelli.com\/wp-content\/uploads\/2020\/12\/esposizione-paolo-bigelli-7-scaled.jpg\" class=\"wp-post-image bg-image\" alt=\"\" srcset=\"https:\/\/www.paolobigelli.com\/wp-content\/uploads\/2020\/12\/esposizione-paolo-bigelli-7-scaled.jpg 2560w, https:\/\/www.paolobigelli.com\/wp-content\/uploads\/2020\/12\/esposizione-paolo-bigelli-7-scaled-600x450.jpg 600w\" sizes=\"(max-width: 1067px) 100vw, 1067px\" \/><\/picture><span class=\"overlay overlay-dark\"><\/span><\/div><\/div><\/div><\/div><\/div><h1>Todas as exposi\u00e7\u00f5es de Paolo Bigelli<\/h1>\r\n<p>&nbsp;<\/p>\r\n<p>2023, Roma:<br \/><strong>Un passaggio nel paesaggio \u2013 personale<\/strong><br \/>Il Laboratorio<\/p>\r\n<p>2022, Roma:<br \/><strong>Le \u201cbelle statuine\u201d (il gioco della finzione) \u2013 personale<\/strong><br \/>Il Laboratorio<\/p>\r\n<p>2022, Foligno:<br \/><strong>Senza professione (una storia di pregiudizi) \u2013 personale<\/strong><br \/>GALLERIA \u201cARTS@24\u201d<\/p>\r\n<p>2021, Roma:<br \/><strong>Collezione Farnesina \u2013 Album d\u2019artista \u2013 collettiva<\/strong><br \/>Ministero degli Affari Esteri e della Cooperazione Internazionale<\/p>\r\n<p>2019, St. Goar (Germania):<br \/><strong>PROGETTO UNESCO \u201cArtist in the World Heritage\u201d \u2013 personale<\/strong><br \/>Schlosshotel Rheinfels<\/p>\r\n<p>2019, Roma:<br \/><strong>Progressive (un viaggio nella musica degli anni \u201970) \u2013 personale<\/strong><br \/>Il Laboratorio<\/p>\r\n<p>2018, Roma:<br \/><strong>Nero a colori \u2013 personale<\/strong><br \/>Istituto Portoghese di Sant\u2019Antonio<\/p>\r\n<p>2017, Roma:<br \/><strong>Pr\u00eat \u00e0 accrocher \u2013 personale<\/strong><br \/>Il Laboratorio<\/p>\r\n<p>2015, Roma:<br \/><strong>Passaggi \u2013 Passagens \u2013 personale<\/strong><br \/>Istituto Portoghese di Sant\u2019Antonio<\/p>\r\n<p>2013, Roma:<br \/><strong>\u201cImagem e semelhan\u00e7a\u201d &#8211; personale<\/strong><br \/>Istituto Portoghese di Sant\u2019Antonio<\/p>\r\n<p>2013, Roma:<br \/><strong>\u201cVisioni periferiche\u201d \u2013 personale<br \/><\/strong>Galleria Defrag<\/p>\r\n<p>2013, Roma:<br \/><strong>\u201cMailbox \u2013 Messaggi dagli Artisti\u201d \u2013 collettiva<\/strong><br \/>Chance Art Gallery<\/p>\r\n<p>2012, Roma:<br \/><strong>\u201cin corso d\u2019opera\u201d \u2013 \u201cObras em Curso\u201d &#8211; personale<\/strong><br \/>Istituto Portoghese di Sant\u2019Antonio<\/p>\r\n<p>2012, Viterbo:<br \/><strong>\u201cTeoria della figura\u201d &#8211; personale<\/strong><br \/>Ex Chiesa di San Tommaso<\/p>\r\n<p>2011, Roma:<br \/><strong>\u201cTrame colorate\u201d &#8211; personale<\/strong><br \/>Galleria dell\u2019Istituto Portoghese di Sant\u2019Antonio<\/p>\r\n<p>2009, Roma:<br \/><strong>\u2026e altri racconti &#8211; personale<\/strong><br \/>Istituto Portoghese di Sant\u2019Antonio<\/p>\r\n<p>2008, Roma:<br \/><strong>Racconti di ritorno &#8211; personale<\/strong><br \/>Istituto Portoghese di Sant\u2019Antonio<\/p>\r\n<p>2007, Lisbona (Portogallo):<br \/><strong>\u201cPercursos de Regresso\u201d &#8211; personale<\/strong><br \/>Galeria Chiado D\u2019Arte<\/p>\r\n<p>2007, Coimbra (Portogallo):<br \/><strong>\u201cImpress\u00f5es Romanas\u201d &#8211; personale<\/strong><br \/>Galeria Sete<\/p>\r\n<p>2006, Lisbona (Portogallo):<br \/><strong>\u201cTecnicas de Conto\u201d &#8211; personale<\/strong><br \/>Galeria \u201cArte Periferica\u201d del Centro Cultural de Belem<\/p>\r\n<p>2006, Agueda (Portogallo):<br \/><strong>Festa Italiana &#8211; personale<\/strong><br \/>Inaugurazione Centro Espositivo del Comune di \u00c1gueda <strong>in occasione del Campionato Europeo di Calcio under-21<\/strong><\/p>\r\n<p>2006, Lisbona (Portogallo):<br \/><strong>Ambasciata d\u2019Italia, in occasione della Festa Nazionale &#8211; personale antologica<\/strong><\/p>\r\n<p>2005, Lisbona (Portogallo):<br \/><strong>Anteprima \u201cShowroom in Portugal\u201d<\/strong><\/p>\r\n<p>2005, Roma:<br \/><strong>Piccola Galleria del Caff\u00e8 dell\u2019Appia Antica &#8211; personale<\/strong><\/p>\r\n<p>2005, Trieste:<br \/><strong>Carm\u2019art &#8211; collettiva permanente<\/strong><\/p>\r\n<p>2004, Roma:<br \/><strong>personale antologica<\/strong><br \/>Galleria Gard<\/p>\r\n<p>2004, Roma:<br \/><strong>Associazione Culturale \u201cLe Piccole Gallerie\u201d &#8211; collettiva<\/strong><\/p>\r\n<p>2004, Roma:<br \/><strong>Piccola Galleria del Caff\u00e8 dell\u2019Appia Antica &#8211; personale<\/strong><\/p>\r\n<p>2003, Napoli:<br \/><strong>Mostra d\u2019Oltremare, artista invitato dalla Presidenza italiana dell\u2019Unione Europea<\/strong><\/p>\r\n<p>2003, Riva del Garda:<br \/><strong>Galleria Spiaggia degli Olivi &#8211; personale &#8211; su invito della Presidenza italiana dell\u2019Unione Europea<\/strong><\/p>\r\n<p>2002, Roma:<br \/><strong>Galleria \u201cArte in\u201d &#8211; personale<\/strong><\/p>\r\n<p>2002, Roma:<br \/><strong>Galleria \u201cLa Tartaruga\u201d, collettiva \u201cRoma\u201d<\/strong><\/p>\r\n<p>2002, Roma:<br \/><strong>\u201cla via bionda\u201d &#8211; collettiva<\/strong><\/p>\r\n<p>2001, Roma:<br \/><strong>Telethon &#8211; personale<\/strong><\/p>\r\n<p>2000, Messico:<br \/><strong>opera commissionata dalla Chiesa di S.Luiz de Potos\u00ed;<\/strong><\/p>\r\n<p>2000, Roma:<br \/><strong>\u201c..di fronte a\u2026\u201d &#8211; personale<\/strong><\/p>\r\n<p>1999, Roma:<br \/><strong>Giornata Mondiale dell\u2019AIDS &#8211; personale<\/strong><br \/>Portico d\u2019Ottavia<\/p>\r\n<p>1997, Ferrara:<br \/><strong>Galleria Alba &#8211; collettiva<\/strong><\/p>\r\n<p>1996, Roma:<br \/><strong>Telethon &#8211; collettiva<\/strong><\/p>\r\n<p>1995, Roma:<br \/><strong>Galleria \u201cArtwork\u201d &#8211; collettiva<\/strong><\/p>\r\n<p>1994, Roma:<br \/><strong>Telethon &#8211; personale<\/strong><\/p>\r\n<p>1993, Tokyo (Giappone):<br \/><strong>Haruni Trade Center &#8211; collettiva<\/strong><\/p>\r\n<p>1993, Roma:<br \/><strong>Telethon &#8211; personale<\/strong><\/p>\r\n<p>1992, Roma:<br \/><strong>Galleria \u201cForum Interart\u201d &#8211; personale<\/strong><\/p>\r\n<p>1984, Lucca:<br \/><strong>Biennale Internazionale del Fumetto e dell\u2019Illustrazione<\/strong><\/p>","protected":false},"excerpt":{"rendered":"<p>Todas as exposi\u00e7\u00f5es de Paolo Bigelli &nbsp; 2023, Roma:Un passaggio nel paesaggio \u2013 personaleIl Laboratorio 2022, Roma:Le \u201cbelle statuine\u201d (il gioco della finzione) \u2013 personaleIl Laboratorio 2022, Foligno:Senza professione (una storia di pregiudizi) \u2013 personaleGALLERIA \u201cARTS@24\u201d 2021, Roma:Collezione Farnesina \u2013 Album d\u2019artista \u2013 collettivaMinistero degli Affari Esteri e della Cooperazione Internazionale 2019, St. Goar (Germania):PROGETTO &hellip;<\/p>\n","protected":false},"author":1,"featured_media":10245,"parent":0,"menu_order":0,"comment_status":"closed","ping_status":"closed","template":"sections.php","meta":{"_genesis_hide_title":false,"_genesis_hide_breadcrumbs":false,"_genesis_hide_singular_image":false,"_genesis_hide_footer_widgets":false,"_genesis_custom_body_class":"","_genesis_custom_post_class":"","_genesis_layout":"","footnotes":""},"yoast_head":"<!-- This site is optimized with the Yoast SEO plugin v23.8 - https:\/\/yoast.com\/wordpress\/plugins\/seo\/ -->\n<title>Exposi\u00e7\u00f5es - Paolo Bigelli<\/title>\n<meta name=\"robots\" content=\"index, follow, max-snippet:-1, max-image-preview:large, max-video-preview:-1\" \/>\n<link rel=\"canonical\" href=\"https:\/\/www.paolobigelli.com\/pt-pt\/exposicoes\/\" \/>\n<meta property=\"og:locale\" content=\"pt_PT\" \/>\n<meta property=\"og:type\" content=\"article\" \/>\n<meta property=\"og:title\" content=\"Exposi\u00e7\u00f5es - Paolo Bigelli\" \/>\n<meta property=\"og:description\" content=\"Todas as exposi\u00e7\u00f5es de Paolo Bigelli &nbsp; 2023, Roma:Un passaggio nel paesaggio \u2013 personaleIl Laboratorio 2022, Roma:Le \u201cbelle statuine\u201d (il gioco della finzione) \u2013 personaleIl Laboratorio 2022, Foligno:Senza professione (una storia di pregiudizi) \u2013 personaleGALLERIA \u201cARTS@24\u201d 2021, Roma:Collezione Farnesina \u2013 Album d\u2019artista \u2013 collettivaMinistero degli Affari Esteri e della Cooperazione Internazionale 2019, St. Goar (Germania):PROGETTO &hellip;\" \/>\n<meta property=\"og:url\" content=\"https:\/\/www.paolobigelli.com\/pt-pt\/exposicoes\/\" \/>\n<meta property=\"og:site_name\" content=\"Paolo Bigelli\" \/>\n<meta property=\"article:publisher\" content=\"https:\/\/www.facebook.com\/pbigelli\/\" \/>\n<meta property=\"article:modified_time\" content=\"2024-01-30T18:11:10+00:00\" \/>\n<meta property=\"og:image\" content=\"https:\/\/www.paolobigelli.com\/wp-content\/uploads\/2020\/12\/27173986_220366208536718_4106777083102450653_o.jpg\" \/>\n\t<meta property=\"og:image:width\" content=\"1728\" \/>\n\t<meta property=\"og:image:height\" content=\"1296\" \/>\n\t<meta property=\"og:image:type\" content=\"image\/jpeg\" \/>\n<meta name=\"twitter:card\" content=\"summary_large_image\" \/>\n<meta name=\"twitter:label1\" content=\"Est. reading time\" \/>\n\t<meta name=\"twitter:data1\" content=\"2 minutes\" \/>\n<script type=\"application\/ld+json\" class=\"yoast-schema-graph\">{\"@context\":\"https:\/\/schema.org\",\"@graph\":[{\"@type\":\"WebPage\",\"@id\":\"https:\/\/www.paolobigelli.com\/pt-pt\/exposicoes\/\",\"url\":\"https:\/\/www.paolobigelli.com\/pt-pt\/exposicoes\/\",\"name\":\"Exposi\u00e7\u00f5es - Paolo Bigelli\",\"isPartOf\":{\"@id\":\"https:\/\/www.paolobigelli.com\/pt-pt\/#website\"},\"primaryImageOfPage\":{\"@id\":\"https:\/\/www.paolobigelli.com\/pt-pt\/exposicoes\/#primaryimage\"},\"image\":{\"@id\":\"https:\/\/www.paolobigelli.com\/pt-pt\/exposicoes\/#primaryimage\"},\"thumbnailUrl\":\"https:\/\/www.paolobigelli.com\/wp-content\/uploads\/2020\/12\/27173986_220366208536718_4106777083102450653_o.jpg\",\"datePublished\":\"2020-12-07T12:43:18+00:00\",\"dateModified\":\"2024-01-30T18:11:10+00:00\",\"breadcrumb\":{\"@id\":\"https:\/\/www.paolobigelli.com\/pt-pt\/exposicoes\/#breadcrumb\"},\"inLanguage\":\"pt-PT\",\"potentialAction\":[{\"@type\":\"ReadAction\",\"target\":[\"https:\/\/www.paolobigelli.com\/pt-pt\/exposicoes\/\"]}]},{\"@type\":\"ImageObject\",\"inLanguage\":\"pt-PT\",\"@id\":\"https:\/\/www.paolobigelli.com\/pt-pt\/exposicoes\/#primaryimage\",\"url\":\"https:\/\/www.paolobigelli.com\/wp-content\/uploads\/2020\/12\/27173986_220366208536718_4106777083102450653_o.jpg\",\"contentUrl\":\"https:\/\/www.paolobigelli.com\/wp-content\/uploads\/2020\/12\/27173986_220366208536718_4106777083102450653_o.jpg\",\"width\":1728,\"height\":1296},{\"@type\":\"BreadcrumbList\",\"@id\":\"https:\/\/www.paolobigelli.com\/pt-pt\/exposicoes\/#breadcrumb\",\"itemListElement\":[{\"@type\":\"ListItem\",\"position\":1,\"name\":\"Home\",\"item\":\"https:\/\/www.paolobigelli.com\/pt-pt\/\"},{\"@type\":\"ListItem\",\"position\":2,\"name\":\"Exposi\u00e7\u00f5es\"}]},{\"@type\":\"WebSite\",\"@id\":\"https:\/\/www.paolobigelli.com\/pt-pt\/#website\",\"url\":\"https:\/\/www.paolobigelli.com\/pt-pt\/\",\"name\":\"Paolo Bigelli\",\"description\":\"Pittore in Roma\",\"publisher\":{\"@id\":\"https:\/\/www.paolobigelli.com\/pt-pt\/#organization\"},\"potentialAction\":[{\"@type\":\"SearchAction\",\"target\":{\"@type\":\"EntryPoint\",\"urlTemplate\":\"https:\/\/www.paolobigelli.com\/pt-pt\/?s={search_term_string}\"},\"query-input\":{\"@type\":\"PropertyValueSpecification\",\"valueRequired\":true,\"valueName\":\"search_term_string\"}}],\"inLanguage\":\"pt-PT\"},{\"@type\":\"Organization\",\"@id\":\"https:\/\/www.paolobigelli.com\/pt-pt\/#organization\",\"name\":\"Paolo Bigelli\",\"url\":\"https:\/\/www.paolobigelli.com\/pt-pt\/\",\"logo\":{\"@type\":\"ImageObject\",\"inLanguage\":\"pt-PT\",\"@id\":\"https:\/\/www.paolobigelli.com\/pt-pt\/#\/schema\/logo\/image\/\",\"url\":\"https:\/\/www.paolobigelli.com\/wp-content\/uploads\/2020\/12\/logo2.png\",\"contentUrl\":\"https:\/\/www.paolobigelli.com\/wp-content\/uploads\/2020\/12\/logo2.png\",\"width\":200,\"height\":100,\"caption\":\"Paolo Bigelli\"},\"image\":{\"@id\":\"https:\/\/www.paolobigelli.com\/pt-pt\/#\/schema\/logo\/image\/\"},\"sameAs\":[\"https:\/\/www.facebook.com\/pbigelli\/\"]}]}<\/script>\n<!-- \/ Yoast SEO plugin. -->","yoast_head_json":{"title":"Exposi\u00e7\u00f5es - Paolo Bigelli","robots":{"index":"index","follow":"follow","max-snippet":"max-snippet:-1","max-image-preview":"max-image-preview:large","max-video-preview":"max-video-preview:-1"},"canonical":"https:\/\/www.paolobigelli.com\/pt-pt\/exposicoes\/","og_locale":"pt_PT","og_type":"article","og_title":"Exposi\u00e7\u00f5es - Paolo Bigelli","og_description":"Todas as exposi\u00e7\u00f5es de Paolo Bigelli &nbsp; 2023, Roma:Un passaggio nel paesaggio \u2013 personaleIl Laboratorio 2022, Roma:Le \u201cbelle statuine\u201d (il gioco della finzione) \u2013 personaleIl Laboratorio 2022, Foligno:Senza professione (una storia di pregiudizi) \u2013 personaleGALLERIA \u201cARTS@24\u201d 2021, Roma:Collezione Farnesina \u2013 Album d\u2019artista \u2013 collettivaMinistero degli Affari Esteri e della Cooperazione Internazionale 2019, St. Goar (Germania):PROGETTO &hellip;","og_url":"https:\/\/www.paolobigelli.com\/pt-pt\/exposicoes\/","og_site_name":"Paolo Bigelli","article_publisher":"https:\/\/www.facebook.com\/pbigelli\/","article_modified_time":"2024-01-30T18:11:10+00:00","og_image":[{"width":1728,"height":1296,"url":"https:\/\/www.paolobigelli.com\/wp-content\/uploads\/2020\/12\/27173986_220366208536718_4106777083102450653_o.jpg","type":"image\/jpeg"}],"twitter_card":"summary_large_image","twitter_misc":{"Est. reading time":"2 minutes"},"schema":{"@context":"https:\/\/schema.org","@graph":[{"@type":"WebPage","@id":"https:\/\/www.paolobigelli.com\/pt-pt\/exposicoes\/","url":"https:\/\/www.paolobigelli.com\/pt-pt\/exposicoes\/","name":"Exposi\u00e7\u00f5es - Paolo Bigelli","isPartOf":{"@id":"https:\/\/www.paolobigelli.com\/pt-pt\/#website"},"primaryImageOfPage":{"@id":"https:\/\/www.paolobigelli.com\/pt-pt\/exposicoes\/#primaryimage"},"image":{"@id":"https:\/\/www.paolobigelli.com\/pt-pt\/exposicoes\/#primaryimage"},"thumbnailUrl":"https:\/\/www.paolobigelli.com\/wp-content\/uploads\/2020\/12\/27173986_220366208536718_4106777083102450653_o.jpg","datePublished":"2020-12-07T12:43:18+00:00","dateModified":"2024-01-30T18:11:10+00:00","breadcrumb":{"@id":"https:\/\/www.paolobigelli.com\/pt-pt\/exposicoes\/#breadcrumb"},"inLanguage":"pt-PT","potentialAction":[{"@type":"ReadAction","target":["https:\/\/www.paolobigelli.com\/pt-pt\/exposicoes\/"]}]},{"@type":"ImageObject","inLanguage":"pt-PT","@id":"https:\/\/www.paolobigelli.com\/pt-pt\/exposicoes\/#primaryimage","url":"https:\/\/www.paolobigelli.com\/wp-content\/uploads\/2020\/12\/27173986_220366208536718_4106777083102450653_o.jpg","contentUrl":"https:\/\/www.paolobigelli.com\/wp-content\/uploads\/2020\/12\/27173986_220366208536718_4106777083102450653_o.jpg","width":1728,"height":1296},{"@type":"BreadcrumbList","@id":"https:\/\/www.paolobigelli.com\/pt-pt\/exposicoes\/#breadcrumb","itemListElement":[{"@type":"ListItem","position":1,"name":"Home","item":"https:\/\/www.paolobigelli.com\/pt-pt\/"},{"@type":"ListItem","position":2,"name":"Exposi\u00e7\u00f5es"}]},{"@type":"WebSite","@id":"https:\/\/www.paolobigelli.com\/pt-pt\/#website","url":"https:\/\/www.paolobigelli.com\/pt-pt\/","name":"Paolo Bigelli","description":"Pittore in Roma","publisher":{"@id":"https:\/\/www.paolobigelli.com\/pt-pt\/#organization"},"potentialAction":[{"@type":"SearchAction","target":{"@type":"EntryPoint","urlTemplate":"https:\/\/www.paolobigelli.com\/pt-pt\/?s={search_term_string}"},"query-input":{"@type":"PropertyValueSpecification","valueRequired":true,"valueName":"search_term_string"}}],"inLanguage":"pt-PT"},{"@type":"Organization","@id":"https:\/\/www.paolobigelli.com\/pt-pt\/#organization","name":"Paolo Bigelli","url":"https:\/\/www.paolobigelli.com\/pt-pt\/","logo":{"@type":"ImageObject","inLanguage":"pt-PT","@id":"https:\/\/www.paolobigelli.com\/pt-pt\/#\/schema\/logo\/image\/","url":"https:\/\/www.paolobigelli.com\/wp-content\/uploads\/2020\/12\/logo2.png","contentUrl":"https:\/\/www.paolobigelli.com\/wp-content\/uploads\/2020\/12\/logo2.png","width":200,"height":100,"caption":"Paolo Bigelli"},"image":{"@id":"https:\/\/www.paolobigelli.com\/pt-pt\/#\/schema\/logo\/image\/"},"sameAs":["https:\/\/www.facebook.com\/pbigelli\/"]}]}},"jetpack_sharing_enabled":true,"_links":{"self":[{"href":"https:\/\/www.paolobigelli.com\/pt-pt\/wp-json\/wp\/v2\/pages\/9922"}],"collection":[{"href":"https:\/\/www.paolobigelli.com\/pt-pt\/wp-json\/wp\/v2\/pages"}],"about":[{"href":"https:\/\/www.paolobigelli.com\/pt-pt\/wp-json\/wp\/v2\/types\/page"}],"author":[{"embeddable":true,"href":"https:\/\/www.paolobigelli.com\/pt-pt\/wp-json\/wp\/v2\/users\/1"}],"replies":[{"embeddable":true,"href":"https:\/\/www.paolobigelli.com\/pt-pt\/wp-json\/wp\/v2\/comments?post=9922"}],"version-history":[{"count":0,"href":"https:\/\/www.paolobigelli.com\/pt-pt\/wp-json\/wp\/v2\/pages\/9922\/revisions"}],"wp:featuredmedia":[{"embeddable":true,"href":"https:\/\/www.paolobigelli.com\/pt-pt\/wp-json\/wp\/v2\/media\/10245"}],"wp:attachment":[{"href":"https:\/\/www.paolobigelli.com\/pt-pt\/wp-json\/wp\/v2\/media?parent=9922"}],"curies":[{"name":"wp","href":"https:\/\/api.w.org\/{rel}","templated":true}]}}