{"id":15156,"date":"2020-11-18T15:05:00","date_gmt":"2020-11-18T15:05:00","guid":{"rendered":"https:\/\/paolobigelli.com\/termini-e-condizioni\/"},"modified":"2020-11-18T15:05:00","modified_gmt":"2020-11-18T15:05:00","slug":"termini-e-condizioni","status":"publish","type":"page","link":"https:\/\/www.paolobigelli.com\/fr\/termini-e-condizioni\/","title":{"rendered":"Termini e condizioni"},"content":{"rendered":"<p>L\u2019accesso alle pagine del sito web comporta l\u2019accettazione dei seguenti Termini di utilizzo da parte dell\u2019utente.<br><br><strong>Accettazione.<\/strong><br>Il Sito \u00e8 di titolarit\u00e0 Paolo Bigelli. Il Sito ha finalit\u00e0 informative. Effettuando l\u2019accesso o utilizzando i servizi presenti sul Sito l\u2019utente accetta i presenti Termini di utilizzo. Nel caso di mancata accettazione deve astenersi dall\u2019utilizzare il Sito.\u00a0<br>Paolo Bigelli invita gli utenti del Sito a consultare periodicamente i presenti Termini di Utilizzo e le altre sezioni del Sito quali l\u2019Informativa sul trattamento dei dati personali e sull&#8217;utilizzo dei cookie (<u><a href=\"https:\/\/www.paolobigelli.com\/privacy-policy-2\/?lang=fr\">Policy<\/a><\/u>), anche al fine di verificare la presenza di eventuali aggiornamenti o modifiche.<br><br><strong>Propriet\u00e0 intellettuale.<\/strong><br>Paolo Bigelli \u00e8 il titolare esclusivo dei contenuti del Sito, ivi compresi a titolo esemplificativo e non esaustivo i testi, i documenti, le immagini, i loghi, le fotografie, il layout delle pagine, il design, il know-how ed i prodotti esposti; alcuni dei predetti contenuti possono essere coperti da copyright, marchi, brevetti, modelli e\/o altri diritti di propriet\u00e0 industriale ed intellettuale riconosciuti dall\u2019ordinamento italiano ed internazionale. Nessun contenuto del Sito pu\u00f2 essere considerato o interpretato come concesso in licenza o come oggetto di qualsivoglia altro diritto di utilizzo da parte degli utenti e\/o di soggetti terzi.\u00a0<br><br><strong>Uso del Sito.<\/strong><br>Gli utenti sono autorizzati a scaricare, visualizzare o stampare contenuti del Sito per scopi esclusivamente personali e di natura non commerciale, con modalit\u00e0 tali da non arrecare alcun pregiudizio ai diritti di propriet\u00e0 industriale ed intellettuale di Paolo Bigelli. I contenuti del Sito non potranno in nessun caso essere utilizzati per scopi diversi, ivi compresi, a titolo esemplificativo e non esaustivo, la loro distribuzione, modifica, riproduzione, trasmissione o diffusione, senza il preventivo consenso scritto da parte di Paolo Bigelli.\u00a0<br><br><strong>Documenti e materiali inviati al Sito.<\/strong><br>Qualsiasi informazione relativa a dati di natura personale inviata al Sito elettronicamente dagli utenti sar\u00e0 trattata nel pieno rispetto delle leggi applicabili e dell\u2019Informativa sul trattamento dei dati personali fornita (v.\u00a0<u><a href=\"https:\/\/www.paolobigelli.com\/privacy-policy-2\/?lang=fr\">Privacy Policy<\/a><\/u>).\u00a0<br><br>Paolo Bigelli gradisce ricevere commenti, suggerimenti e indicazioni dagli utenti del Sito. Tuttavia non accetter\u00e0 di ricevere alcun materiale inviato attraverso il Sito ad eccezione dei contenuti il cui invio venga espressamente richiesto. Paolo Bigelli si riserva la facolt\u00e0 di utilizzare liberamente ed a propria discrezione, in qualsiasi forma e maniera e pertanto anche per fini promozionali e commerciali, qualsiasi materiale ricevuto attraverso il Sito, anche se non richiesto, senza tuttavia assumere alcuna obbligazione a tale riguardo nei confronti dell\u2019utente che abbia inviato tali materiali.\u00a0<br><br>\u00c8 comunque fatto divieto agli utenti di caricare, distribuire o comunque diffondere tramite il Sito materiali e\/o contenuti illegali, osceni, diffamatori, lesivi dei diritti relativi ai dati personali, abusivi o comunque illegittimi e\/o qualsivoglia materiale o contenuto che possa costituire reato o indurre a commettere un reato, e\/o violare qualsivoglia norma di legge o diritto di Paolo Bigelli e\/o di terzi, nonch\u00e9 qualsiasi materiale che possa in qualsiasi modo ledere l\u2019immagine ed il buon nome di Paolo Bigelli.<br><br><strong>Garanzie.<\/strong><br>Le opere presenti sul Sito sono fornite nello stato in cui essi si trovano, cos\u00ec come vengono resi disponibili e senza alcuna garanzia, tacita o espressa. Paolo Bigelli non fornisce alcuna garanzia tacita o espressa circa il fatto che il Sito o i suoi contenuti siano conformi alle aspettative degli utenti in termini di continuit\u00e0 del servizio o circa l\u2019assenza e\/o pronta correzione di errori.\u00a0<br><br>Resta inteso che alcune opere potrebbero essere presentati mediante o in accostamento ad immagini o riproduzioni grafiche la cui finalit\u00e0 \u00e8 solamente illustrativa.<br><br><strong>Esclusione di responsabilit\u00e0.<\/strong><br>Gli utenti accedono al Sito autonomamente ed a loro esclusivo rischio fermo restando che Paolo Bigelli declina qualsiasi responsabilit\u00e0 rispetto a qualsivoglia danno o pregiudizio patito in qualsiasi modo dagli utenti in conseguenza dell\u2019accesso e dell\u2019utilizzo o del download di qualsivoglia materiale a qualsiasi titolo presente sul Sito, ivi compresi virus, malware o altri contenuti elettronici malevoli presenti sul Sito.<br><br>Paolo Bigelli si riserva la facolt\u00e0 di interrompere o sospendere qualsiasi servizio reso attraverso il Sito, in qualsiasi momento e senza assumere alcuna responsabilit\u00e0 o impegno di qualsiasi natura in relazione a predetta sospensione o interruzione dei servizi resi tramite il Sito derivanti da azioni o omissioni di Paolo Bigelli o di terzi.\u00a0<br><br>Paolo Bigelli non risponde dei contenuti di qualsiasi altro sito web che dovesse essere reso accessibile mediante link o collegamento multimediale presente nel Sito, fermo restando che detti collegamenti vengono forniti solamente al fine di consentire agli utenti di accedere ad informazioni pi\u00f9 complete. <br>\u00a0<br><br><strong>Legge applicabile<\/strong><br>Il Sito, come attualmente configurato in termini di layout e contenuti, \u00e8 progettato per essere fruito da utenti che si trovino in Italia e Paolo Bigelli non fornisce alcuna garanzia circa il fatto che i suoi contenuti siano conformi con i requisiti di legge applicabili fuori dal predetto Territorio.<br><br>Qualsiasi controversia relativa al Sito, al suo utilizzo ed ai suoi contenuti sar\u00e0 regolata dal diritto italiano.\u00a0<br><br><strong>Previsioni ulteriori<\/strong><br>Fermo restando il contenuto della\u00a0<u><a href=\"https:\/\/www.paolobigelli.com\/privacy-policy-2\/?lang=fr\">Privacy e cookie policy<\/a><\/u>, i presenti Termini di utilizzo rappresentano l\u2019intero accordo tra Paolo Bigelli e l\u2019utente del Sito in riferimento all\u2019utilizzo del medesimo. Eventuali altri termini e condizioni applicati da Paolo Bigelli rispetto ai rapporti con gli utenti del Sito saranno considerati come aggiuntivi rispetto ai presenti.<br><br>Nel caso in cui alcuna delle presenti disposizioni dovesse essere annullata o dichiarata nulla o comunque non applicabile le restanti previsioni resteranno pienamente valide ed efficaci.<\/p><p><em>Ultimo aggiornamento: 7 aprile 2021.<\/em><\/p>","protected":false},"excerpt":{"rendered":"<p>L\u2019accesso alle pagine del sito web comporta l\u2019accettazione dei seguenti Termini di utilizzo da parte dell\u2019utente. Accettazione.Il Sito \u00e8 di titolarit\u00e0 Paolo Bigelli. Il Sito ha finalit\u00e0 informative. Effettuando l\u2019accesso o utilizzando i servizi presenti sul Sito l\u2019utente accetta i presenti Termini di utilizzo. Nel caso di mancata accettazione deve astenersi dall\u2019utilizzare il Sito.\u00a0Paolo Bigelli &hellip;<\/p>\n","protected":false},"author":1,"featured_media":0,"parent":0,"menu_order":0,"comment_status":"closed","ping_status":"closed","template":"","meta":{"_genesis_hide_title":false,"_genesis_hide_breadcrumbs":false,"_genesis_hide_singular_image":false,"_genesis_hide_footer_widgets":false,"_genesis_custom_body_class":"","_genesis_custom_post_class":"","_genesis_layout":"","footnotes":""},"yoast_head":"<!-- This site is optimized with the Yoast SEO plugin v23.8 - https:\/\/yoast.com\/wordpress\/plugins\/seo\/ -->\n<title>Termini e condizioni - Paolo Bigelli<\/title>\n<meta name=\"robots\" content=\"index, follow, max-snippet:-1, max-image-preview:large, max-video-preview:-1\" \/>\n<link rel=\"canonical\" href=\"https:\/\/www.paolobigelli.com\/fr\/termini-e-condizioni\/\" \/>\n<meta property=\"og:locale\" content=\"fr_FR\" \/>\n<meta property=\"og:type\" content=\"article\" \/>\n<meta property=\"og:title\" content=\"Termini e condizioni - Paolo Bigelli\" \/>\n<meta property=\"og:description\" content=\"L\u2019accesso alle pagine del sito web comporta l\u2019accettazione dei seguenti Termini di utilizzo da parte dell\u2019utente. Accettazione.Il Sito \u00e8 di titolarit\u00e0 Paolo Bigelli. Il Sito ha finalit\u00e0 informative. Effettuando l\u2019accesso o utilizzando i servizi presenti sul Sito l\u2019utente accetta i presenti Termini di utilizzo. Nel caso di mancata accettazione deve astenersi dall\u2019utilizzare il Sito.\u00a0Paolo Bigelli &hellip;\" \/>\n<meta property=\"og:url\" content=\"https:\/\/www.paolobigelli.com\/fr\/termini-e-condizioni\/\" \/>\n<meta property=\"og:site_name\" content=\"Paolo Bigelli\" \/>\n<meta property=\"article:publisher\" content=\"https:\/\/www.facebook.com\/pbigelli\/\" \/>\n<meta property=\"og:image\" content=\"https:\/\/www.paolobigelli.com\/wp-content\/uploads\/2020\/12\/paolo-bigelli-header.jpg\" \/>\n\t<meta property=\"og:image:width\" content=\"1421\" \/>\n\t<meta property=\"og:image:height\" content=\"852\" \/>\n\t<meta property=\"og:image:type\" content=\"image\/jpeg\" \/>\n<meta name=\"twitter:card\" content=\"summary_large_image\" \/>\n<meta name=\"twitter:label1\" content=\"Est. reading time\" \/>\n\t<meta name=\"twitter:data1\" content=\"4 minutes\" \/>\n<script type=\"application\/ld+json\" class=\"yoast-schema-graph\">{\"@context\":\"https:\/\/schema.org\",\"@graph\":[{\"@type\":\"WebPage\",\"@id\":\"https:\/\/www.paolobigelli.com\/fr\/termini-e-condizioni\/\",\"url\":\"https:\/\/www.paolobigelli.com\/fr\/termini-e-condizioni\/\",\"name\":\"Termini e condizioni - Paolo Bigelli\",\"isPartOf\":{\"@id\":\"https:\/\/www.paolobigelli.com\/fr\/#website\"},\"datePublished\":\"2020-11-18T15:05:00+00:00\",\"dateModified\":\"2020-11-18T15:05:00+00:00\",\"breadcrumb\":{\"@id\":\"https:\/\/www.paolobigelli.com\/fr\/termini-e-condizioni\/#breadcrumb\"},\"inLanguage\":\"fr-FR\",\"potentialAction\":[{\"@type\":\"ReadAction\",\"target\":[\"https:\/\/www.paolobigelli.com\/fr\/termini-e-condizioni\/\"]}]},{\"@type\":\"BreadcrumbList\",\"@id\":\"https:\/\/www.paolobigelli.com\/fr\/termini-e-condizioni\/#breadcrumb\",\"itemListElement\":[{\"@type\":\"ListItem\",\"position\":1,\"name\":\"Home\",\"item\":\"https:\/\/www.paolobigelli.com\/fr\/\"},{\"@type\":\"ListItem\",\"position\":2,\"name\":\"Termini e condizioni\"}]},{\"@type\":\"WebSite\",\"@id\":\"https:\/\/www.paolobigelli.com\/fr\/#website\",\"url\":\"https:\/\/www.paolobigelli.com\/fr\/\",\"name\":\"Paolo Bigelli\",\"description\":\"Pittore in Roma\",\"publisher\":{\"@id\":\"https:\/\/www.paolobigelli.com\/fr\/#organization\"},\"potentialAction\":[{\"@type\":\"SearchAction\",\"target\":{\"@type\":\"EntryPoint\",\"urlTemplate\":\"https:\/\/www.paolobigelli.com\/fr\/?s={search_term_string}\"},\"query-input\":{\"@type\":\"PropertyValueSpecification\",\"valueRequired\":true,\"valueName\":\"search_term_string\"}}],\"inLanguage\":\"fr-FR\"},{\"@type\":\"Organization\",\"@id\":\"https:\/\/www.paolobigelli.com\/fr\/#organization\",\"name\":\"Paolo Bigelli\",\"url\":\"https:\/\/www.paolobigelli.com\/fr\/\",\"logo\":{\"@type\":\"ImageObject\",\"inLanguage\":\"fr-FR\",\"@id\":\"https:\/\/www.paolobigelli.com\/fr\/#\/schema\/logo\/image\/\",\"url\":\"https:\/\/www.paolobigelli.com\/wp-content\/uploads\/2020\/12\/logo2.png\",\"contentUrl\":\"https:\/\/www.paolobigelli.com\/wp-content\/uploads\/2020\/12\/logo2.png\",\"width\":200,\"height\":100,\"caption\":\"Paolo Bigelli\"},\"image\":{\"@id\":\"https:\/\/www.paolobigelli.com\/fr\/#\/schema\/logo\/image\/\"},\"sameAs\":[\"https:\/\/www.facebook.com\/pbigelli\/\"]}]}<\/script>\n<!-- \/ Yoast SEO plugin. -->","yoast_head_json":{"title":"Termini e condizioni - Paolo Bigelli","robots":{"index":"index","follow":"follow","max-snippet":"max-snippet:-1","max-image-preview":"max-image-preview:large","max-video-preview":"max-video-preview:-1"},"canonical":"https:\/\/www.paolobigelli.com\/fr\/termini-e-condizioni\/","og_locale":"fr_FR","og_type":"article","og_title":"Termini e condizioni - Paolo Bigelli","og_description":"L\u2019accesso alle pagine del sito web comporta l\u2019accettazione dei seguenti Termini di utilizzo da parte dell\u2019utente. Accettazione.Il Sito \u00e8 di titolarit\u00e0 Paolo Bigelli. Il Sito ha finalit\u00e0 informative. Effettuando l\u2019accesso o utilizzando i servizi presenti sul Sito l\u2019utente accetta i presenti Termini di utilizzo. Nel caso di mancata accettazione deve astenersi dall\u2019utilizzare il Sito.\u00a0Paolo Bigelli &hellip;","og_url":"https:\/\/www.paolobigelli.com\/fr\/termini-e-condizioni\/","og_site_name":"Paolo Bigelli","article_publisher":"https:\/\/www.facebook.com\/pbigelli\/","og_image":[{"width":1421,"height":852,"url":"https:\/\/www.paolobigelli.com\/wp-content\/uploads\/2020\/12\/paolo-bigelli-header.jpg","type":"image\/jpeg"}],"twitter_card":"summary_large_image","twitter_misc":{"Est. reading time":"4 minutes"},"schema":{"@context":"https:\/\/schema.org","@graph":[{"@type":"WebPage","@id":"https:\/\/www.paolobigelli.com\/fr\/termini-e-condizioni\/","url":"https:\/\/www.paolobigelli.com\/fr\/termini-e-condizioni\/","name":"Termini e condizioni - Paolo Bigelli","isPartOf":{"@id":"https:\/\/www.paolobigelli.com\/fr\/#website"},"datePublished":"2020-11-18T15:05:00+00:00","dateModified":"2020-11-18T15:05:00+00:00","breadcrumb":{"@id":"https:\/\/www.paolobigelli.com\/fr\/termini-e-condizioni\/#breadcrumb"},"inLanguage":"fr-FR","potentialAction":[{"@type":"ReadAction","target":["https:\/\/www.paolobigelli.com\/fr\/termini-e-condizioni\/"]}]},{"@type":"BreadcrumbList","@id":"https:\/\/www.paolobigelli.com\/fr\/termini-e-condizioni\/#breadcrumb","itemListElement":[{"@type":"ListItem","position":1,"name":"Home","item":"https:\/\/www.paolobigelli.com\/fr\/"},{"@type":"ListItem","position":2,"name":"Termini e condizioni"}]},{"@type":"WebSite","@id":"https:\/\/www.paolobigelli.com\/fr\/#website","url":"https:\/\/www.paolobigelli.com\/fr\/","name":"Paolo Bigelli","description":"Pittore in Roma","publisher":{"@id":"https:\/\/www.paolobigelli.com\/fr\/#organization"},"potentialAction":[{"@type":"SearchAction","target":{"@type":"EntryPoint","urlTemplate":"https:\/\/www.paolobigelli.com\/fr\/?s={search_term_string}"},"query-input":{"@type":"PropertyValueSpecification","valueRequired":true,"valueName":"search_term_string"}}],"inLanguage":"fr-FR"},{"@type":"Organization","@id":"https:\/\/www.paolobigelli.com\/fr\/#organization","name":"Paolo Bigelli","url":"https:\/\/www.paolobigelli.com\/fr\/","logo":{"@type":"ImageObject","inLanguage":"fr-FR","@id":"https:\/\/www.paolobigelli.com\/fr\/#\/schema\/logo\/image\/","url":"https:\/\/www.paolobigelli.com\/wp-content\/uploads\/2020\/12\/logo2.png","contentUrl":"https:\/\/www.paolobigelli.com\/wp-content\/uploads\/2020\/12\/logo2.png","width":200,"height":100,"caption":"Paolo Bigelli"},"image":{"@id":"https:\/\/www.paolobigelli.com\/fr\/#\/schema\/logo\/image\/"},"sameAs":["https:\/\/www.facebook.com\/pbigelli\/"]}]}},"jetpack_sharing_enabled":true,"_links":{"self":[{"href":"https:\/\/www.paolobigelli.com\/fr\/wp-json\/wp\/v2\/pages\/15156"}],"collection":[{"href":"https:\/\/www.paolobigelli.com\/fr\/wp-json\/wp\/v2\/pages"}],"about":[{"href":"https:\/\/www.paolobigelli.com\/fr\/wp-json\/wp\/v2\/types\/page"}],"author":[{"embeddable":true,"href":"https:\/\/www.paolobigelli.com\/fr\/wp-json\/wp\/v2\/users\/1"}],"replies":[{"embeddable":true,"href":"https:\/\/www.paolobigelli.com\/fr\/wp-json\/wp\/v2\/comments?post=15156"}],"version-history":[{"count":0,"href":"https:\/\/www.paolobigelli.com\/fr\/wp-json\/wp\/v2\/pages\/15156\/revisions"}],"wp:attachment":[{"href":"https:\/\/www.paolobigelli.com\/fr\/wp-json\/wp\/v2\/media?parent=15156"}],"curies":[{"name":"wp","href":"https:\/\/api.w.org\/{rel}","templated":true}]}}