{"id":11012,"date":"2020-11-10T14:30:07","date_gmt":"2020-11-10T14:30:07","guid":{"rendered":"https:\/\/paolobigelli.com\/paolo-bigelli\/"},"modified":"2021-05-03T07:29:36","modified_gmt":"2021-05-03T07:29:36","slug":"paolo-bigelli","status":"publish","type":"page","link":"https:\/\/www.paolobigelli.com\/fr\/paolo-bigelli\/","title":{"rendered":"Paolo Bigelli"},"content":{"rendered":"<h2 class=\"didascaliaH2 wp-block-heading\">Opere di Paolo Bigelli sono presenti &#8211; oltre che in Italia &#8211; in collezioni in Francia, Portogallo, Spagna, Germania, Regno Unito, Israele, Libano, Svizzera, Slovenia, Austria, Croazia, Brasile, Messico, Senegal, Stati Uniti e pubblicate su riviste specializzate.<\/h2><p><strong>Paolo Bigelli (Roma, 1960),\u00a0 <\/strong>inizia la sua carriera, negli anni &#8217;80, \u00a0come fumettista per alcune popolari testate giornalistiche italiane, illustratore di favole e libri per ragazzi per diverse case editrici italiane collaborando, inoltre, come vignettista, con una delle principali reti televisive di Stato per una serie di programmi televisivi.<\/p><p>\u00a0\u00c8 solo all\u2019inizio degli anni &#8217;90 che Paolo Bigelli, abbandonata quasi completamente l\u2019editoria, affronta, invece, un pi\u00f9 netto percorso artistico pittorico che lo porta, in poco tempo, ad esporre inizialmente in Italia per proseguire, poi, con la partecipazione ad alcune mostre anche all\u2019estero.<\/p><p>Dagli inizi del 2000 ad oggi oltre trenta mostre personali in Gallerie e Musei cos\u00ec come la sua partecipazione ad eventi istituzionali testimoniano l\u2019apprezzamento della sua attivit\u00e1 artistica che gli vale diversi riconoscimenti fra cui la commissione di una importante opera di carattere religioso per la Chiesa di S.Luiz de Potos\u00ec in Messico e la presenza, dal 2008,\u00a0 di una sua opera di grandi dimensioni tra quelle che il Ministero degli Esteri italiano ospita nella propria collezione.<\/p><p>Nel 2003, su invito della Presidenza italiana dell\u2019Unione Europea espone alcune sue opere alla Mostra d\u2019Oltremare di Napoli e a Riva del Garda.<\/p><p>Nel 2006, si trasferisce per un periodo a Lisbona dove con il patrocinio dell\u2019Istituto italiano di Cultura e dell\u2019Ambasciata d\u2019Italia espone \u2013 oltre che nella prestigiosa sede dell\u2019Ambasciata &#8211; in alcune tra le pi\u00f9 importanti Gallerie d\u2019Arte portoghesi.<br\/>La prestigiosa \u201cGaleria Arte Periferica\u201d nel Centro Culturale di Belem (Lisbona), la \u201cGaleria do Chiado di Lisbona e la \u201cGaleria Sete\u201d di Coimbra , il Palazzo comunale di Aveiro e quello di Agueda ospitano, infatti, sue personali di pittura.<br\/>\u00c8 proprio nel periodo portoghese che l\u2019opera di Bigelli viene arricchita dalle nuove influenze che quella cultura \u2013 cos\u00ec come quella brasiliana \u2013 esercitano in modo significativo, soprattutto nella sua personale ricerca cromatica, che ancora oggi caratterizza la sua prevalente cifra stilistica.<\/p><p>Grazie a questa personalissima \u201ctavolozza\u201d di colori, fatta di coraggiosi accostamenti, di velature e trasparenze, il figurativo di Bigelli viene reinterpretato ogni volta con rinnovate freschezza e giocosit\u00e0, con valenze spesso simboliche e narrative la cui raffinatezza \u2013 talvolta vestita solo apparentemente di semplicit\u00e0 espressiva \u2013 ha la capacit\u00e0 di creare, in realt\u00e0, quell\u2019immediato dialogo con lo \u201cspettatore\u201d che ne ha favorito, nel tempo, un sempre maggiore riconoscimento.\u00a0<\/p><p>I suoi quadri hanno il merito di portare in un clima fatto di intimit\u00e0 dove \u00e8 facile riscoprire una certa pacatezza e serenit\u00e0. Non \u00e8 il senso estetico oggettivo ad essere rispettato piuttosto il lasciarsi andare nella creazione di figure semplici che proprio nella spontaneit\u00e0 trovano la loro pi\u00f9 alta forma di espressione. Il colore dei suoi quadri sembra scivolare nell\u2019acqua per dare vita ad atmosfere soffuse che possono richiamare sia alle figure classiche che a gesti di vita quotidiana lasciando sempre nello spettatore un attimo di riflessione che pu\u00f2 essere anche sogno.<\/p><p>Il crescente interesse per le sue opere &#8211; i cui temi e la \u201ctecnica\u201d utilizzata per raccontarne le storie vengono\u00a0 in qualche modo l\u00ec considerate \u201cneo-romantiche\u201d &#8211;\u00a0 \u00e8 oggi oggetto, in Germania, di una serie di riconoscimenti e apprezzamenti che, a partire da una collaborazione triennale (2016-2018) sviluppata attraverso incontri, seminari ed esposizioni promossi da Bigelli con Professori e studenti della Facolt\u00e0 di Arte dell\u2019Universit\u00e0 di Paderborn in occasione dei loro annuali viaggi di studio a Roma,\u00a0 sono proseguiti con la pubblicazione di saggi critici ed articoli da parte di membri del mondo culturale di quel Paese e soprattutto con l\u2019invito della Presidenza dell\u2019UNESCO WELTERBE DEUTSCHLAND &#8211; Upper Middle Rhine Valley\u00a0&#8211; in collaborazione con l\u2019ISTITUTO ITALIANO DI CULTURA di Stoccarda a partecipare nell\u2019Ottobre 2019, quale unico Artista, alla prima edizione del Progetto UNESCO\u00a0 \u201c Artist in World Heritage\u201d.\u00a0 Nel periodo del suo soggiorno presso il Castello di Rheinfels, Paolo Bigelli <strong>\u00a0<\/strong>ha quindi realizzato, nello stesso fantastico scenario caro a William Turner, alcune opere ispirate liberamente alla storia, alla natura , ai paesaggi e ai miti della Valle del Reno e della Loreley, \u00a0Patrimonio Mondiale dell\u2019UNESCO concludendo, infine, la bellissima iniziativa con una \u201cpersonale\u201d\u00a0 che nei mesi successivi\u00a0 ha interessato varie Gallerie della Valle del Reno riportando a tutt\u2019oggi un davvero significativo successo di pubblico, critica e mercato.<\/p><p>Opere di Paolo Bigelli sono presenti &#8211; oltre che in Italia &#8211; in collezioni in Francia, Portogallo, Spagna, Germania, Regno Unito, Israele, Libano, Svizzera, Slovenia, Austria, Croazia, Brasile, Messico, \u00a0Senegal, Stati Uniti e pubblicate su riviste specializzate.<\/p>","protected":false},"excerpt":{"rendered":"<p>Opere di Paolo Bigelli sono presenti &#8211; oltre che in Italia &#8211; in collezioni in Francia, Portogallo, Spagna, Germania, Regno Unito, Israele, Libano, Svizzera, Slovenia, Austria, Croazia, Brasile, Messico, Senegal, Stati Uniti e pubblicate su riviste specializzate. Paolo Bigelli (Roma, 1960),\u00a0 inizia la sua carriera, negli anni &#8217;80, \u00a0come fumettista per alcune popolari testate giornalistiche &hellip;<\/p>\n","protected":false},"author":1,"featured_media":9940,"parent":0,"menu_order":0,"comment_status":"closed","ping_status":"closed","template":"","meta":{"_genesis_hide_title":false,"_genesis_hide_breadcrumbs":false,"_genesis_hide_singular_image":false,"_genesis_hide_footer_widgets":false,"_genesis_custom_body_class":"","_genesis_custom_post_class":"","_genesis_layout":"","footnotes":""},"yoast_head":"<!-- This site is optimized with the Yoast SEO plugin v23.8 - https:\/\/yoast.com\/wordpress\/plugins\/seo\/ -->\n<title>Paolo Bigelli - Paolo Bigelli<\/title>\n<meta name=\"robots\" content=\"index, follow, max-snippet:-1, max-image-preview:large, max-video-preview:-1\" \/>\n<link rel=\"canonical\" href=\"https:\/\/www.paolobigelli.com\/fr\/paolo-bigelli\/\" \/>\n<meta property=\"og:locale\" content=\"fr_FR\" \/>\n<meta property=\"og:type\" content=\"article\" \/>\n<meta property=\"og:title\" content=\"Paolo Bigelli - Paolo Bigelli\" \/>\n<meta property=\"og:description\" content=\"Opere di Paolo Bigelli sono presenti &#8211; oltre che in Italia &#8211; in collezioni in Francia, Portogallo, Spagna, Germania, Regno Unito, Israele, Libano, Svizzera, Slovenia, Austria, Croazia, Brasile, Messico, Senegal, Stati Uniti e pubblicate su riviste specializzate. Paolo Bigelli (Roma, 1960),\u00a0 inizia la sua carriera, negli anni &#8217;80, \u00a0come fumettista per alcune popolari testate giornalistiche &hellip;\" \/>\n<meta property=\"og:url\" content=\"https:\/\/www.paolobigelli.com\/fr\/paolo-bigelli\/\" \/>\n<meta property=\"og:site_name\" content=\"Paolo Bigelli\" \/>\n<meta property=\"article:publisher\" content=\"https:\/\/www.facebook.com\/pbigelli\/\" \/>\n<meta property=\"article:modified_time\" content=\"2021-05-03T07:29:36+00:00\" \/>\n<meta property=\"og:image\" content=\"https:\/\/www.paolobigelli.com\/wp-content\/uploads\/2020\/12\/paolo-bigelli-header-slim.jpg\" \/>\n\t<meta property=\"og:image:width\" content=\"1421\" \/>\n\t<meta property=\"og:image:height\" content=\"386\" \/>\n\t<meta property=\"og:image:type\" content=\"image\/jpeg\" \/>\n<meta name=\"twitter:card\" content=\"summary_large_image\" \/>\n<meta name=\"twitter:label1\" content=\"Est. reading time\" \/>\n\t<meta name=\"twitter:data1\" content=\"3 minutes\" \/>\n<script type=\"application\/ld+json\" class=\"yoast-schema-graph\">{\"@context\":\"https:\/\/schema.org\",\"@graph\":[{\"@type\":\"WebPage\",\"@id\":\"https:\/\/www.paolobigelli.com\/fr\/paolo-bigelli\/\",\"url\":\"https:\/\/www.paolobigelli.com\/fr\/paolo-bigelli\/\",\"name\":\"Paolo Bigelli - Paolo Bigelli\",\"isPartOf\":{\"@id\":\"https:\/\/www.paolobigelli.com\/fr\/#website\"},\"primaryImageOfPage\":{\"@id\":\"https:\/\/www.paolobigelli.com\/fr\/paolo-bigelli\/#primaryimage\"},\"image\":{\"@id\":\"https:\/\/www.paolobigelli.com\/fr\/paolo-bigelli\/#primaryimage\"},\"thumbnailUrl\":\"https:\/\/www.paolobigelli.com\/wp-content\/uploads\/2020\/12\/paolo-bigelli-header-slim.jpg\",\"datePublished\":\"2020-11-10T14:30:07+00:00\",\"dateModified\":\"2021-05-03T07:29:36+00:00\",\"breadcrumb\":{\"@id\":\"https:\/\/www.paolobigelli.com\/fr\/paolo-bigelli\/#breadcrumb\"},\"inLanguage\":\"fr-FR\",\"potentialAction\":[{\"@type\":\"ReadAction\",\"target\":[\"https:\/\/www.paolobigelli.com\/fr\/paolo-bigelli\/\"]}]},{\"@type\":\"ImageObject\",\"inLanguage\":\"fr-FR\",\"@id\":\"https:\/\/www.paolobigelli.com\/fr\/paolo-bigelli\/#primaryimage\",\"url\":\"https:\/\/www.paolobigelli.com\/wp-content\/uploads\/2020\/12\/paolo-bigelli-header-slim.jpg\",\"contentUrl\":\"https:\/\/www.paolobigelli.com\/wp-content\/uploads\/2020\/12\/paolo-bigelli-header-slim.jpg\",\"width\":1421,\"height\":386},{\"@type\":\"BreadcrumbList\",\"@id\":\"https:\/\/www.paolobigelli.com\/fr\/paolo-bigelli\/#breadcrumb\",\"itemListElement\":[{\"@type\":\"ListItem\",\"position\":1,\"name\":\"Home\",\"item\":\"https:\/\/www.paolobigelli.com\/fr\/\"},{\"@type\":\"ListItem\",\"position\":2,\"name\":\"Paolo Bigelli\"}]},{\"@type\":\"WebSite\",\"@id\":\"https:\/\/www.paolobigelli.com\/fr\/#website\",\"url\":\"https:\/\/www.paolobigelli.com\/fr\/\",\"name\":\"Paolo Bigelli\",\"description\":\"Pittore in Roma\",\"publisher\":{\"@id\":\"https:\/\/www.paolobigelli.com\/fr\/#organization\"},\"potentialAction\":[{\"@type\":\"SearchAction\",\"target\":{\"@type\":\"EntryPoint\",\"urlTemplate\":\"https:\/\/www.paolobigelli.com\/fr\/?s={search_term_string}\"},\"query-input\":{\"@type\":\"PropertyValueSpecification\",\"valueRequired\":true,\"valueName\":\"search_term_string\"}}],\"inLanguage\":\"fr-FR\"},{\"@type\":\"Organization\",\"@id\":\"https:\/\/www.paolobigelli.com\/fr\/#organization\",\"name\":\"Paolo Bigelli\",\"url\":\"https:\/\/www.paolobigelli.com\/fr\/\",\"logo\":{\"@type\":\"ImageObject\",\"inLanguage\":\"fr-FR\",\"@id\":\"https:\/\/www.paolobigelli.com\/fr\/#\/schema\/logo\/image\/\",\"url\":\"https:\/\/www.paolobigelli.com\/wp-content\/uploads\/2020\/12\/logo2.png\",\"contentUrl\":\"https:\/\/www.paolobigelli.com\/wp-content\/uploads\/2020\/12\/logo2.png\",\"width\":200,\"height\":100,\"caption\":\"Paolo Bigelli\"},\"image\":{\"@id\":\"https:\/\/www.paolobigelli.com\/fr\/#\/schema\/logo\/image\/\"},\"sameAs\":[\"https:\/\/www.facebook.com\/pbigelli\/\"]}]}<\/script>\n<!-- \/ Yoast SEO plugin. -->","yoast_head_json":{"title":"Paolo Bigelli - Paolo Bigelli","robots":{"index":"index","follow":"follow","max-snippet":"max-snippet:-1","max-image-preview":"max-image-preview:large","max-video-preview":"max-video-preview:-1"},"canonical":"https:\/\/www.paolobigelli.com\/fr\/paolo-bigelli\/","og_locale":"fr_FR","og_type":"article","og_title":"Paolo Bigelli - Paolo Bigelli","og_description":"Opere di Paolo Bigelli sono presenti &#8211; oltre che in Italia &#8211; in collezioni in Francia, Portogallo, Spagna, Germania, Regno Unito, Israele, Libano, Svizzera, Slovenia, Austria, Croazia, Brasile, Messico, Senegal, Stati Uniti e pubblicate su riviste specializzate. Paolo Bigelli (Roma, 1960),\u00a0 inizia la sua carriera, negli anni &#8217;80, \u00a0come fumettista per alcune popolari testate giornalistiche &hellip;","og_url":"https:\/\/www.paolobigelli.com\/fr\/paolo-bigelli\/","og_site_name":"Paolo Bigelli","article_publisher":"https:\/\/www.facebook.com\/pbigelli\/","article_modified_time":"2021-05-03T07:29:36+00:00","og_image":[{"width":1421,"height":386,"url":"https:\/\/www.paolobigelli.com\/wp-content\/uploads\/2020\/12\/paolo-bigelli-header-slim.jpg","type":"image\/jpeg"}],"twitter_card":"summary_large_image","twitter_misc":{"Est. reading time":"3 minutes"},"schema":{"@context":"https:\/\/schema.org","@graph":[{"@type":"WebPage","@id":"https:\/\/www.paolobigelli.com\/fr\/paolo-bigelli\/","url":"https:\/\/www.paolobigelli.com\/fr\/paolo-bigelli\/","name":"Paolo Bigelli - Paolo Bigelli","isPartOf":{"@id":"https:\/\/www.paolobigelli.com\/fr\/#website"},"primaryImageOfPage":{"@id":"https:\/\/www.paolobigelli.com\/fr\/paolo-bigelli\/#primaryimage"},"image":{"@id":"https:\/\/www.paolobigelli.com\/fr\/paolo-bigelli\/#primaryimage"},"thumbnailUrl":"https:\/\/www.paolobigelli.com\/wp-content\/uploads\/2020\/12\/paolo-bigelli-header-slim.jpg","datePublished":"2020-11-10T14:30:07+00:00","dateModified":"2021-05-03T07:29:36+00:00","breadcrumb":{"@id":"https:\/\/www.paolobigelli.com\/fr\/paolo-bigelli\/#breadcrumb"},"inLanguage":"fr-FR","potentialAction":[{"@type":"ReadAction","target":["https:\/\/www.paolobigelli.com\/fr\/paolo-bigelli\/"]}]},{"@type":"ImageObject","inLanguage":"fr-FR","@id":"https:\/\/www.paolobigelli.com\/fr\/paolo-bigelli\/#primaryimage","url":"https:\/\/www.paolobigelli.com\/wp-content\/uploads\/2020\/12\/paolo-bigelli-header-slim.jpg","contentUrl":"https:\/\/www.paolobigelli.com\/wp-content\/uploads\/2020\/12\/paolo-bigelli-header-slim.jpg","width":1421,"height":386},{"@type":"BreadcrumbList","@id":"https:\/\/www.paolobigelli.com\/fr\/paolo-bigelli\/#breadcrumb","itemListElement":[{"@type":"ListItem","position":1,"name":"Home","item":"https:\/\/www.paolobigelli.com\/fr\/"},{"@type":"ListItem","position":2,"name":"Paolo Bigelli"}]},{"@type":"WebSite","@id":"https:\/\/www.paolobigelli.com\/fr\/#website","url":"https:\/\/www.paolobigelli.com\/fr\/","name":"Paolo Bigelli","description":"Pittore in Roma","publisher":{"@id":"https:\/\/www.paolobigelli.com\/fr\/#organization"},"potentialAction":[{"@type":"SearchAction","target":{"@type":"EntryPoint","urlTemplate":"https:\/\/www.paolobigelli.com\/fr\/?s={search_term_string}"},"query-input":{"@type":"PropertyValueSpecification","valueRequired":true,"valueName":"search_term_string"}}],"inLanguage":"fr-FR"},{"@type":"Organization","@id":"https:\/\/www.paolobigelli.com\/fr\/#organization","name":"Paolo Bigelli","url":"https:\/\/www.paolobigelli.com\/fr\/","logo":{"@type":"ImageObject","inLanguage":"fr-FR","@id":"https:\/\/www.paolobigelli.com\/fr\/#\/schema\/logo\/image\/","url":"https:\/\/www.paolobigelli.com\/wp-content\/uploads\/2020\/12\/logo2.png","contentUrl":"https:\/\/www.paolobigelli.com\/wp-content\/uploads\/2020\/12\/logo2.png","width":200,"height":100,"caption":"Paolo Bigelli"},"image":{"@id":"https:\/\/www.paolobigelli.com\/fr\/#\/schema\/logo\/image\/"},"sameAs":["https:\/\/www.facebook.com\/pbigelli\/"]}]}},"jetpack_sharing_enabled":true,"_links":{"self":[{"href":"https:\/\/www.paolobigelli.com\/fr\/wp-json\/wp\/v2\/pages\/11012"}],"collection":[{"href":"https:\/\/www.paolobigelli.com\/fr\/wp-json\/wp\/v2\/pages"}],"about":[{"href":"https:\/\/www.paolobigelli.com\/fr\/wp-json\/wp\/v2\/types\/page"}],"author":[{"embeddable":true,"href":"https:\/\/www.paolobigelli.com\/fr\/wp-json\/wp\/v2\/users\/1"}],"replies":[{"embeddable":true,"href":"https:\/\/www.paolobigelli.com\/fr\/wp-json\/wp\/v2\/comments?post=11012"}],"version-history":[{"count":0,"href":"https:\/\/www.paolobigelli.com\/fr\/wp-json\/wp\/v2\/pages\/11012\/revisions"}],"wp:featuredmedia":[{"embeddable":true,"href":"https:\/\/www.paolobigelli.com\/fr\/wp-json\/wp\/v2\/media\/9940"}],"wp:attachment":[{"href":"https:\/\/www.paolobigelli.com\/fr\/wp-json\/wp\/v2\/media?parent=11012"}],"curies":[{"name":"wp","href":"https:\/\/api.w.org\/{rel}","templated":true}]}}